{"id":24,"date":"2011-09-28T08:40:19","date_gmt":"2011-09-28T05:40:19","guid":{"rendered":"http:\/\/vesitalous-dev.mobie.fi\/?page_id=24"},"modified":"2026-03-19T18:39:46","modified_gmt":"2026-03-19T16:39:46","slug":"vesitalous-lehti","status":"publish","type":"page","link":"https:\/\/vesitalous.fi\/en\/vesitalous-lehti\/","title":{"rendered":"Vesitalous-lehti &#8211; vesialan arvostetuin ammattilehti"},"content":{"rendered":"<p><strong>Vesitalous on johtava, vesi- ja ymp\u00e4rist\u00f6asioita laajasti\u00a0k\u00e4sittelev\u00e4 vesialan ammattilaisille tarkoitettu erikoislehti.<\/strong><\/p>\n<p><strong>Vesitalous-lehti v\u00e4litt\u00e4\u00e4 tietoa ja n\u00e4kymi\u00e4 vesivaroista, vesihuollosta, vesien hallinnasta ja vesiin kytkeytyvist\u00e4 monialaisista kysymyksist\u00e4. Vesitalous tarkastelee mm. tekniikkaan, ymp\u00e4rist\u00f6\u00f6n, yhdyskuntiin ja alan koulutukseen liittyvi\u00e4 kehityssuuntia.<\/strong><br \/>\n<!--more--><\/p>\n<p>Vesitalous-lehti ilmestyy kuusi kertaa vuodessa.<\/p>\n<p><a href=\"https:\/\/vesitalous.fi\/wp-content\/uploads\/2026\/03\/capture_001_11032026_084322.jpg\"><img loading=\"lazy\" decoding=\"async\" class=\"alignnone size-full wp-image-10070\" src=\"https:\/\/vesitalous.fi\/wp-content\/uploads\/2026\/03\/capture_001_11032026_084322.jpg\" alt=\"\" width=\"1757\" height=\"690\" srcset=\"https:\/\/vesitalous.fi\/wp-content\/uploads\/2026\/03\/capture_001_11032026_084322.jpg 1757w, https:\/\/vesitalous.fi\/wp-content\/uploads\/2026\/03\/capture_001_11032026_084322-300x118.jpg 300w, https:\/\/vesitalous.fi\/wp-content\/uploads\/2026\/03\/capture_001_11032026_084322-1024x402.jpg 1024w, https:\/\/vesitalous.fi\/wp-content\/uploads\/2026\/03\/capture_001_11032026_084322-768x302.jpg 768w, https:\/\/vesitalous.fi\/wp-content\/uploads\/2026\/03\/capture_001_11032026_084322-1536x603.jpg 1536w, https:\/\/vesitalous.fi\/wp-content\/uploads\/2026\/03\/capture_001_11032026_084322-18x7.jpg 18w, https:\/\/vesitalous.fi\/wp-content\/uploads\/2026\/03\/capture_001_11032026_084322-800x314.jpg 800w\" sizes=\"auto, (max-width: 1757px) 100vw, 1757px\" \/><\/a><\/p>\n<p>Lehden jokaisessa numerossa julkaistaan ajankohtaisen teeman mukaisia artikkeleita. Vesitalous-lehti v\u00e4litt\u00e4\u00e4 tietoa ja n\u00e4kymi\u00e4 vesivaroista, vesihuollosta, vesien hallinnasta ja vesiin kytkeytyvist\u00e4 monialaisista kysymyksist\u00e4. Vesitalous tarkastelee mm. tekniikkaan, ymp\u00e4rist\u00f6\u00f6n, yhdyskuntiin ja alan koulutukseen liittyvi\u00e4 kehityssuuntia.<\/p>\n<p>Vesitalous-lehdess\u00e4 julkaistaan my\u00f6s vertaisarvioituja artikkeleita (TSV), joissa k\u00e4sitell\u00e4\u00e4n uusia tutkimustuloksia vesialaan kytkeytyvist\u00e4 insin\u00f6\u00f6ritieteiden, luonnontieteiden ja monitieteisten alojen teemoista.<\/p>\n<p>Vesitalous-lehte\u00e4 on julkaistu vuodesta 1960 l\u00e4htien. Lehden tavoitteena on tiedonv\u00e4lityksen lis\u00e4ksi saada aikaan keskustelua ajankohtaisista asioista. Lehti tukee, yll\u00e4pit\u00e4\u00e4 ja lis\u00e4\u00e4 asiantuntijoiden ammattitaitoa korkeatasoisilla ja k\u00e4yt\u00e4nn\u00f6nl\u00e4heisill\u00e4 artikkeleilla. Lehte\u00e4 luetaan vesialan kaikissa ammattipiireiss\u00e4.<\/p>\n<p><strong>Lukijakunta ja jakelu<\/strong><br \/>\nAlan ainoana ammattilehten\u00e4 Vesitalous tavoittaa vesialan ammattilaiset ja p\u00e4\u00e4t\u00f6ksentekij\u00e4t. Vesitalouden aktiivista lukijakuntaa ovat kunnissa toimivien laitosten ja teknisen toimen asiantuntijat, kuntien ja valtion vesi- ja ymp\u00e4rist\u00f6viranomaiset, vesialan\u00a0yritykset\u00a0sek\u00e4\u00a0alan korkeakoulujen tutkimus- ja oppilaitosten opiskelijat ja henkil\u00f6st\u00f6.<\/p>\n<p>Vesitalous on n\u00e4kyv\u00e4sti mukana ammattilaisten tapahtumissa mm. vesihuoltop\u00e4ivill\u00e4 sek\u00e4 vesi- ja ymp\u00e4rist\u00f6alan koulutustilaisuuksissa ja konferensseissa.<\/p>\n<p>Vesitalous on VVY:n ja Vesiyhdistys ry:n j\u00e4senetulehti.<\/p>\n<p><strong>Lehden julkaisija: <\/strong>Ymp\u00e4rist\u00f6viestint\u00e4 YVT Oy<\/p>\n<p><strong>Omistajat:<\/strong> Maa- ja vesitekniikan tuki ry ja Vesilaitosyhdistys ry (VVY)<\/p>\n<p>&nbsp;<\/p>","protected":false},"excerpt":{"rendered":"<p>Vesitalous on johtava, vesi- ja ymp\u00e4rist\u00f6asioita laajasti\u00a0k\u00e4sittelev\u00e4 vesialan ammattilaisille tarkoitettu erikoislehti. Vesitalous-lehti v\u00e4litt\u00e4\u00e4 tietoa ja n\u00e4kymi\u00e4 vesivaroista, vesihuollosta, vesien hallinnasta ja vesiin kytkeytyvist\u00e4 monialaisista kysymyksist\u00e4. Vesitalous tarkastelee mm. tekniikkaan, ymp\u00e4rist\u00f6\u00f6n, yhdyskuntiin ja alan koulutukseen liittyvi\u00e4 kehityssuuntia.<\/p>","protected":false},"author":12,"featured_media":500,"parent":0,"menu_order":1,"comment_status":"closed","ping_status":"closed","template":"","meta":{"_monsterinsights_skip_tracking":false,"_monsterinsights_sitenote_active":false,"_monsterinsights_sitenote_note":"","_monsterinsights_sitenote_category":0,"footnotes":""},"class_list":["post-24","page","type-page","status-publish","has-post-thumbnail","hentry"],"_links":{"self":[{"href":"https:\/\/vesitalous.fi\/en\/wp-json\/wp\/v2\/pages\/24","targetHints":{"allow":["GET"]}}],"collection":[{"href":"https:\/\/vesitalous.fi\/en\/wp-json\/wp\/v2\/pages"}],"about":[{"href":"https:\/\/vesitalous.fi\/en\/wp-json\/wp\/v2\/types\/page"}],"author":[{"embeddable":true,"href":"https:\/\/vesitalous.fi\/en\/wp-json\/wp\/v2\/users\/12"}],"replies":[{"embeddable":true,"href":"https:\/\/vesitalous.fi\/en\/wp-json\/wp\/v2\/comments?post=24"}],"version-history":[{"count":21,"href":"https:\/\/vesitalous.fi\/en\/wp-json\/wp\/v2\/pages\/24\/revisions"}],"predecessor-version":[{"id":10092,"href":"https:\/\/vesitalous.fi\/en\/wp-json\/wp\/v2\/pages\/24\/revisions\/10092"}],"wp:featuredmedia":[{"embeddable":true,"href":"https:\/\/vesitalous.fi\/en\/wp-json\/wp\/v2\/media\/500"}],"wp:attachment":[{"href":"https:\/\/vesitalous.fi\/en\/wp-json\/wp\/v2\/media?parent=24"}],"curies":[{"name":"wp","href":"https:\/\/api.w.org\/{rel}","templated":true}]}}