{"id":35,"date":"2011-09-28T12:20:27","date_gmt":"2011-09-28T09:20:27","guid":{"rendered":"http:\/\/vesitalous-dev.mobie.fi\/?page_id=35"},"modified":"2026-02-04T13:44:26","modified_gmt":"2026-02-04T11:44:26","slug":"tilaa-lehti","status":"publish","type":"page","link":"https:\/\/vesitalous.fi\/en\/vesitalous-lehti\/tilaa-lehti\/","title":{"rendered":"Tilaa Vesitalous-lehti"},"content":{"rendered":"<h1>Digitaalinen<\/h1>\n<p><strong>Yksityisille<\/strong><\/p>\n<p>Vesitalous-lehden digitaalisia n\u00e4k\u00f6ispainoksia irtonumeroina voi ostaa <a href=\"https:\/\/www.lehtiluukku.fi\/lehdet\/vesitalous\">lehtiluukku.fi<\/a> -palvelusta.\u00a0 Irtonumero 9 \u20ac.<\/p>\n<table style=\"width: 100%; border-collapse: collapse; background-color: #ebfdff;\" cellpadding=\"20\">\n<tbody>\n<tr>\n<td style=\"width: 100%;\">\n<p><strong>Yrityksille ja yhteis\u00f6ille<\/strong><\/p>\n<p>Vesitalous-lehti on saatavilla yrityksille ja yhteis\u00f6ille ePress-palvelussa <a href=\"https:\/\/emagz.fi\/title?title_id=10617\">emagz.fi<\/a><\/p>\n<p><a href=\"https:\/\/emagz.fi\/title?title_id=10617\" target=\"_blank\" rel=\"noopener\"><img loading=\"lazy\" decoding=\"async\" class=\"alignnone wp-image-8102\" src=\"https:\/\/vesitalous.fi\/wp-content\/uploads\/2024\/01\/ePress_Logo_small.webp\" alt=\"\" width=\"202\" height=\"42\" srcset=\"https:\/\/vesitalous.fi\/wp-content\/uploads\/2024\/01\/ePress_Logo_small.webp 462w, https:\/\/vesitalous.fi\/wp-content\/uploads\/2024\/01\/ePress_Logo_small-300x62.webp 300w, https:\/\/vesitalous.fi\/wp-content\/uploads\/2024\/01\/ePress_Logo_small-18x4.webp 18w\" sizes=\"auto, (max-width: 202px) 100vw, 202px\" \/><\/a><\/p>\n<p>ePress-alustan k\u00e4ytt\u00e4j\u00e4 voi tilata lehden oman organisaation luettavaksi palvelun kautta.<\/p>\n<\/td>\n<\/tr>\n<\/tbody>\n<\/table>\n<p>&nbsp;<\/p>\n<h1>Printti<\/h1>\n<p><strong>Painetun lehden tilauksia ei en\u00e4\u00e4 oteta vastaan. Vesitalous-lehti alkaa ilmesty\u00e4 vapaasti jaettuna PDF-muodossa vuoden 2027 alusta.<\/strong><\/p>","protected":false},"excerpt":{"rendered":"<p>Digitaalinen Yksityisille Vesitalous-lehden digitaalisia n\u00e4k\u00f6ispainoksia irtonumeroina voi ostaa lehtiluukku.fi -palvelusta.\u00a0 Irtonumero 9 \u20ac. Yrityksille ja yhteis\u00f6ille Vesitalous-lehti on saatavilla yrityksille ja yhteis\u00f6ille ePress-palvelussa emagz.fi ePress-alustan k\u00e4ytt\u00e4j\u00e4 voi tilata lehden oman organisaation luettavaksi palvelun kautta. &nbsp; Printti Painetun lehden tilauksia ei en\u00e4\u00e4 oteta vastaan. Vesitalous-lehti alkaa ilmesty\u00e4 vapaasti jaettuna PDF-muodossa vuoden 2027 alusta.<\/p>","protected":false},"author":12,"featured_media":0,"parent":24,"menu_order":4,"comment_status":"closed","ping_status":"closed","template":"","meta":{"_monsterinsights_skip_tracking":false,"_monsterinsights_sitenote_active":false,"_monsterinsights_sitenote_note":"","_monsterinsights_sitenote_category":0,"footnotes":""},"class_list":["post-35","page","type-page","status-publish","hentry"],"_links":{"self":[{"href":"https:\/\/vesitalous.fi\/en\/wp-json\/wp\/v2\/pages\/35","targetHints":{"allow":["GET"]}}],"collection":[{"href":"https:\/\/vesitalous.fi\/en\/wp-json\/wp\/v2\/pages"}],"about":[{"href":"https:\/\/vesitalous.fi\/en\/wp-json\/wp\/v2\/types\/page"}],"author":[{"embeddable":true,"href":"https:\/\/vesitalous.fi\/en\/wp-json\/wp\/v2\/users\/12"}],"replies":[{"embeddable":true,"href":"https:\/\/vesitalous.fi\/en\/wp-json\/wp\/v2\/comments?post=35"}],"version-history":[{"count":20,"href":"https:\/\/vesitalous.fi\/en\/wp-json\/wp\/v2\/pages\/35\/revisions"}],"predecessor-version":[{"id":10024,"href":"https:\/\/vesitalous.fi\/en\/wp-json\/wp\/v2\/pages\/35\/revisions\/10024"}],"up":[{"embeddable":true,"href":"https:\/\/vesitalous.fi\/en\/wp-json\/wp\/v2\/pages\/24"}],"wp:attachment":[{"href":"https:\/\/vesitalous.fi\/en\/wp-json\/wp\/v2\/media?parent=35"}],"curies":[{"name":"wp","href":"https:\/\/api.w.org\/{rel}","templated":true}]}}