{"id":491,"date":"2011-09-28T12:20:49","date_gmt":"2011-09-28T09:20:49","guid":{"rendered":"http:\/\/vesitalous-dev.mobie.fi\/?page_id=37"},"modified":"2025-05-09T14:48:06","modified_gmt":"2025-05-09T11:48:06","slug":"osoitteenmuutos","status":"publish","type":"page","link":"https:\/\/vesitalous.fi\/en\/vesitalous-lehti\/osoitteenmuutos\/","title":{"rendered":"Osoitteenmuutos"},"content":{"rendered":"<div class=\"wpcf7 no-js\" id=\"wpcf7-f487-o1\" lang=\"en-US\" dir=\"ltr\" data-wpcf7-id=\"487\">\n<div class=\"screen-reader-response\"><p role=\"status\" aria-live=\"polite\" aria-atomic=\"true\"><\/p> <ul><\/ul><\/div>\n<form action=\"\/en\/wp-json\/wp\/v2\/pages\/491#wpcf7-f487-o1\" method=\"post\" class=\"wpcf7-form init\" aria-label=\"Contact form\" novalidate=\"novalidate\" data-status=\"init\" data-trp-original-action=\"\/en\/wp-json\/wp\/v2\/pages\/491#wpcf7-f487-o1\">\n<fieldset class=\"hidden-fields-container\"><input type=\"hidden\" name=\"_wpcf7\" value=\"487\" \/><input type=\"hidden\" name=\"_wpcf7_version\" value=\"6.1.5\" \/><input type=\"hidden\" name=\"_wpcf7_locale\" value=\"en_US\" \/><input type=\"hidden\" name=\"_wpcf7_unit_tag\" value=\"wpcf7-f487-o1\" \/><input type=\"hidden\" name=\"_wpcf7_container_post\" value=\"0\" \/><input type=\"hidden\" name=\"_wpcf7_posted_data_hash\" value=\"\" \/>\n<\/fieldset>\n<h3>Toimitusosoitteen muutos:\n<\/h3>\n<div class=\"form-row\">\n\t<p><span class=\"label\">Numerosarja lehden takakannesta:<\/span><span class=\"wpcf7-form-control-wrap\" data-name=\"toim-numerosarja\"><input size=\"40\" maxlength=\"400\" class=\"wpcf7-form-control wpcf7-text\" aria-invalid=\"false\" value=\"\" type=\"text\" name=\"toim-numerosarja\" \/><\/span>\n\t<\/p>\n<\/div>\n<div class=\"form-row\">\n\t<p><span class=\"label\">Vanha nimi:<\/span><span class=\"wpcf7-form-control-wrap\" data-name=\"toim-vanhanimi\"><input size=\"40\" maxlength=\"400\" class=\"wpcf7-form-control wpcf7-text\" aria-invalid=\"false\" value=\"\" type=\"text\" name=\"toim-vanhanimi\" \/><\/span>\n\t<\/p>\n<\/div>\n<div class=\"form-row\">\n\t<p><span class=\"label\">Uusi nimi:<\/span><span class=\"wpcf7-form-control-wrap\" data-name=\"toim-uusinimi\"><input size=\"40\" maxlength=\"400\" class=\"wpcf7-form-control wpcf7-text\" aria-invalid=\"false\" value=\"\" type=\"text\" name=\"toim-uusinimi\" \/><\/span>\n\t<\/p>\n<\/div>\n<div class=\"form-row\">\n\t<p><span class=\"label\">Uusi toimitusosoite:<\/span><span class=\"wpcf7-form-control-wrap\" data-name=\"toim-uusiosoite\"><input size=\"40\" maxlength=\"400\" class=\"wpcf7-form-control wpcf7-text\" aria-invalid=\"false\" value=\"\" type=\"text\" name=\"toim-uusiosoite\" \/><\/span>\n\t<\/p>\n<\/div>\n<div class=\"form-row\">\n\t<p><span class=\"label\">Uusi postinumero:<\/span><span class=\"wpcf7-form-control-wrap\" data-name=\"toim-uusipostinumero\"><input size=\"40\" maxlength=\"400\" class=\"wpcf7-form-control wpcf7-text\" aria-invalid=\"false\" value=\"\" type=\"text\" name=\"toim-uusipostinumero\" \/><\/span>\n\t<\/p>\n<\/div>\n<div class=\"form-row\">\n\t<p><span class=\"label\">Uusi postitoimipaikka:<\/span><span class=\"wpcf7-form-control-wrap\" data-name=\"toim-uusipostitoimipaikka\"><input size=\"40\" maxlength=\"400\" class=\"wpcf7-form-control wpcf7-text\" aria-invalid=\"false\" value=\"\" type=\"text\" name=\"toim-uusipostitoimipaikka\" \/><\/span>\n\t<\/p>\n<\/div>\n<div class=\"form-row\">\n\t<p><span class=\"label\">S\u00e4hk\u00f6posti:<\/span><span class=\"wpcf7-form-control-wrap\" data-name=\"toim-email\"><input size=\"40\" maxlength=\"400\" class=\"wpcf7-form-control wpcf7-text\" aria-invalid=\"false\" value=\"\" type=\"text\" name=\"toim-email\" \/><\/span>\n\t<\/p>\n<\/div>\n<dl>&nbsp;\n<\/dl>\n<h3>Laskutusosoitteen muutos:\n<\/h3>\n<div class=\"form-row\">\n\t<p><span class=\"label\">Numerosarja lehden takakannesta tai asiakasnumero laskulta:<\/span><span class=\"wpcf7-form-control-wrap\" data-name=\"lask-numerosarja\"><input size=\"40\" maxlength=\"400\" class=\"wpcf7-form-control wpcf7-text\" aria-invalid=\"false\" value=\"\" type=\"text\" name=\"lask-numerosarja\" \/><\/span>\n\t<\/p>\n<\/div>\n<div class=\"form-row\">\n\t<p><span class=\"label\">Vanha nimi:<\/span><span class=\"wpcf7-form-control-wrap\" data-name=\"lask-vanhanimi\"><input size=\"40\" maxlength=\"400\" class=\"wpcf7-form-control wpcf7-text\" aria-invalid=\"false\" value=\"\" type=\"text\" name=\"lask-vanhanimi\" \/><\/span>\n\t<\/p>\n<\/div>\n<div class=\"form-row\">\n\t<p><span class=\"label\">Uusi nimi:<\/span><span class=\"wpcf7-form-control-wrap\" data-name=\"lask-uusinimi\"><input size=\"40\" maxlength=\"400\" class=\"wpcf7-form-control wpcf7-text\" aria-invalid=\"false\" value=\"\" type=\"text\" name=\"lask-uusinimi\" \/><\/span>\n\t<\/p>\n<\/div>\n<div class=\"form-row\">\n\t<p><span class=\"label\">Uusi laskutusosoite:<\/span><span class=\"wpcf7-form-control-wrap\" data-name=\"lask-uusiosoite\"><input size=\"40\" maxlength=\"400\" class=\"wpcf7-form-control wpcf7-text\" aria-invalid=\"false\" value=\"\" type=\"text\" name=\"lask-uusiosoite\" \/><\/span>\n\t<\/p>\n<\/div>\n<div class=\"form-row\">\n\t<p><span class=\"label\">Uusi OVT-tunnus:<\/span><span class=\"wpcf7-form-control-wrap\" data-name=\"lask-uusiovt\"><input size=\"40\" maxlength=\"400\" class=\"wpcf7-form-control wpcf7-text\" aria-invalid=\"false\" value=\"\" type=\"text\" name=\"lask-uusiovt\" \/><\/span>\n\t<\/p>\n<\/div>\n<div class=\"form-row\">\n\t<p><span class=\"label\">Uusi v\u00e4litt\u00e4j\u00e4tunnus:<\/span><span class=\"wpcf7-form-control-wrap\" data-name=\"lask-uusivalittaja\"><input size=\"40\" maxlength=\"400\" class=\"wpcf7-form-control wpcf7-text\" aria-invalid=\"false\" value=\"\" type=\"text\" name=\"lask-uusivalittaja\" \/><\/span>\n\t<\/p>\n<\/div>\n<div class=\"form-row\">\n\t<p><span class=\"label\">Uusi verkkolaskutusoperaattori:<\/span><span class=\"wpcf7-form-control-wrap\" data-name=\"lask-uusioperaattori\"><input size=\"40\" maxlength=\"400\" class=\"wpcf7-form-control wpcf7-text\" aria-invalid=\"false\" value=\"\" type=\"text\" name=\"lask-uusioperaattori\" \/><\/span>\n\t<\/p>\n<\/div>\n<div class=\"form-row\">\n\t<p><span class=\"label\">Puhelinnumero:<\/span><span class=\"wpcf7-form-control-wrap\" data-name=\"lask-puhelin\"><input size=\"40\" maxlength=\"400\" class=\"wpcf7-form-control wpcf7-text\" aria-invalid=\"false\" value=\"\" type=\"text\" name=\"lask-puhelin\" \/><\/span>\n\t<\/p>\n<\/div>\n<div class=\"form-row\">\n\t<p><span class=\"label\">S\u00e4hk\u00f6posti:<\/span><span class=\"wpcf7-form-control-wrap\" data-name=\"lask-email\"><input size=\"40\" maxlength=\"400\" class=\"wpcf7-form-control wpcf7-text\" aria-invalid=\"false\" value=\"\" type=\"text\" name=\"lask-email\" \/><\/span>\n\t<\/p>\n<\/div>\n<p><div id=\"cf7sr-69e3c74c82453\" class=\"cf7sr-g-recaptcha\" data-theme=\"light\" data-type=\"image\" data-size=\"normal\" data-sitekey=\"6Ld70wwlAAAAAOkRc6mkwcUP3MIaYb5VAm-vNP6G\"><\/div><span class=\"wpcf7-form-control-wrap cf7sr-recaptcha\" data-name=\"cf7sr-recaptcha\"><input type=\"hidden\" name=\"cf7sr-recaptcha\" value=\"\" class=\"wpcf7-form-control\"><\/span>\n<\/p>\n<p><input class=\"wpcf7-form-control wpcf7-submit has-spinner\" type=\"submit\" value=\"L\u00e4het\u00e4\" \/>\n<\/p><p style=\"display: none !important;\" class=\"akismet-fields-container\" data-prefix=\"_wpcf7_ak_\"><label>&#916;<textarea name=\"_wpcf7_ak_hp_textarea\" cols=\"45\" rows=\"8\" maxlength=\"100\"><\/textarea><\/label><input type=\"hidden\" id=\"ak_js_1\" name=\"_wpcf7_ak_js\" value=\"195\"\/><script>document.getElementById( \"ak_js_1\" ).setAttribute( \"value\", ( new Date() ).getTime() );<\/script><\/p><div class=\"wpcf7-response-output\" aria-hidden=\"true\"><\/div>\n<input type=\"hidden\" name=\"trp-form-language\" value=\"en\"\/><\/form>\n<\/div>","protected":false},"excerpt":{"rendered":"","protected":false},"author":12,"featured_media":0,"parent":24,"menu_order":5,"comment_status":"closed","ping_status":"closed","template":"","meta":{"_monsterinsights_skip_tracking":false,"_monsterinsights_sitenote_active":false,"_monsterinsights_sitenote_note":"","_monsterinsights_sitenote_category":0,"footnotes":""},"class_list":["post-491","page","type-page","status-publish","hentry"],"_links":{"self":[{"href":"https:\/\/vesitalous.fi\/en\/wp-json\/wp\/v2\/pages\/491","targetHints":{"allow":["GET"]}}],"collection":[{"href":"https:\/\/vesitalous.fi\/en\/wp-json\/wp\/v2\/pages"}],"about":[{"href":"https:\/\/vesitalous.fi\/en\/wp-json\/wp\/v2\/types\/page"}],"author":[{"embeddable":true,"href":"https:\/\/vesitalous.fi\/en\/wp-json\/wp\/v2\/users\/12"}],"replies":[{"embeddable":true,"href":"https:\/\/vesitalous.fi\/en\/wp-json\/wp\/v2\/comments?post=491"}],"version-history":[{"count":8,"href":"https:\/\/vesitalous.fi\/en\/wp-json\/wp\/v2\/pages\/491\/revisions"}],"predecessor-version":[{"id":7379,"href":"https:\/\/vesitalous.fi\/en\/wp-json\/wp\/v2\/pages\/491\/revisions\/7379"}],"up":[{"embeddable":true,"href":"https:\/\/vesitalous.fi\/en\/wp-json\/wp\/v2\/pages\/24"}],"wp:attachment":[{"href":"https:\/\/vesitalous.fi\/en\/wp-json\/wp\/v2\/media?parent=491"}],"curies":[{"name":"wp","href":"https:\/\/api.w.org\/{rel}","templated":true}]}}