{"id":6546,"date":"2021-09-20T15:59:33","date_gmt":"2021-09-20T12:59:33","guid":{"rendered":"https:\/\/vesitalous.fi\/?page_id=6546"},"modified":"2025-12-09T16:46:21","modified_gmt":"2025-12-09T14:46:21","slug":"mediakortti","status":"publish","type":"page","link":"https:\/\/vesitalous.fi\/en\/mediakortti\/","title":{"rendered":"Mediakortti"},"content":{"rendered":"<figure id=\"attachment_9830\" aria-describedby=\"caption-attachment-9830\" style=\"width: 300px\" class=\"wp-caption aligncenter\"><img loading=\"lazy\" decoding=\"async\" class=\"wp-image-9830 size-full\" src=\"https:\/\/vesitalous.fi\/wp-content\/uploads\/2025\/11\/MEDIAKORTTI2026.webp\" alt=\"\" width=\"300\" height=\"207\" srcset=\"https:\/\/vesitalous.fi\/wp-content\/uploads\/2025\/11\/MEDIAKORTTI2026.webp 300w, https:\/\/vesitalous.fi\/wp-content\/uploads\/2025\/11\/MEDIAKORTTI2026-18x12.webp 18w\" sizes=\"auto, (max-width: 300px) 100vw, 300px\" \/><figcaption id=\"caption-attachment-9830\" class=\"wp-caption-text\"><a href=\"https:\/\/vesitalous.fi\/wp-content\/uploads\/2025\/12\/MEDIAKORTTI2026_web.pdf\">MEDIAKORTTI 2026<\/a> pdf 235KB<\/figcaption><\/figure>\n<p>Vesitalous on johtava vesi- ja ymp\u00e4rist\u00f6asioita laajasti ja monimuotoisesti k\u00e4sittelev\u00e4 vesialan ammattilaisille suunnattu erikoislehti. Lehden jokaisessa numerossa julkaistaan ajankohtaisen teeman mukaisia artikkeleita. Sis\u00e4ll\u00f6st\u00e4 yli puolet on vesihuoltoa ja sen osa-alueita k\u00e4sittelevi\u00e4 artikkeleita, sek\u00e4 uutisia ja tietoa ajankohtaisista tapahtumista.<\/p>\n<p>Vesitalous-lehte\u00e4 on julkaistu vuodesta 1960 l\u00e4htien. Lehti tukee, yll\u00e4pit\u00e4\u00e4 ja lis\u00e4\u00e4 asiantuntijoiden ammattitaitoa korkeatasoisilla ja k\u00e4yt\u00e4nn\u00f6nl\u00e4heisill\u00e4 artikkeleilla. Lehti ilmestyy kuusi kertaa vuodessa ja sit\u00e4 luetaan vesialan kaikissa ammattipiireiss\u00e4.<\/p>\n<p><strong>Lukijakunta ja jakelu<\/strong><\/p>\n<p>Vesitalous tavoittaa vesialan ammattilaiset ja p\u00e4\u00e4t\u00f6ksentekij\u00e4t. Lehden aktiivista lukijakuntaa ovat kunnissa toimivien laitosten ja teknisen toimen asiantuntijat, suunnittelutoimistoissa ja urakointiliikkeiss\u00e4 toimivat henkil\u00f6t, kuntien ja valtion vesi- ja ymp\u00e4rist\u00f6viranomaiset sek\u00e4 vesialan korkeakoulujen, tutkimus- ja oppilaitosten opiskelijat ja henkil\u00f6st\u00f6.<\/p>\n<p>Vesitalous-lehti on n\u00e4kyv\u00e4sti mukana ammattilaisten tapahtu\u00admissa kuten vesihuoltop\u00e4ivill\u00e4 sek\u00e4 vesi- ja ymp\u00e4rist\u00f6alan koulu\u00adtus\u00ad\u00adtilaisuuksissa, konferensseissa ja messuilla.<\/p>\n<p>Vesitalous on Vesilaitosyhdistyksen varsinaisten j\u00e4senten ja yhteistoiminta\u00adj\u00e4senten j\u00e4senetulehti sek\u00e4 Suomen Vesiyhdis\u00adtyksen j\u00e4senetulehti.<\/p>\n<p>&nbsp;<\/p>\n<h2><strong>Aikataulu<\/strong><\/h2>\n<table style=\"width: 100%;\" cellspacing=\"auto\" cellpadding=\"auto\">\n<tbody>\n<tr>\n<td style=\"width: 33.2014%;\" width=\"295\">\u00a0<\/td>\n<td style=\"width: 16.3286%;\" width=\"144\">\n<p><strong>Artikkelit<\/strong><\/p>\n<\/td>\n<td style=\"width: 17.1202%;\" width=\"144\">\n<p><strong>Ilmoitusvaraukset<\/strong><\/p>\n<\/td>\n<td style=\"width: 16.3286%;\" width=\"144\">\n<p><strong>Ilmoitusaineistot<\/strong><\/p>\n<\/td>\n<td style=\"width: 16.3286%;\" width=\"144\">\n<p><strong>Ilmestyy<\/strong><\/p>\n<\/td>\n<\/tr>\n<tr>\n<td style=\"width: 33.2014%;\" width=\"122\">\n<p>1\/26 Lumi<\/p>\n<\/td>\n<td style=\"width: 16.3286%;\" width=\"122\">\n<p>24.11.2025<\/p>\n<\/td>\n<td style=\"width: 17.1202%;\" width=\"122\">\n<p>26.12.2025<\/p>\n<\/td>\n<td style=\"width: 16.3286%;\" width=\"122\">\n<p>2.1.2026<\/p>\n<\/td>\n<td style=\"width: 16.3286%;\" width=\"122\">\n<p>6.2.<\/p>\n<\/td>\n<\/tr>\n<tr>\n<td style=\"width: 33.2014%;\" width=\"122\">\n<p>2\/26 Vesihuoltolain uudistus<\/p>\n<\/td>\n<td style=\"width: 16.3286%;\" width=\"122\">\n<p>10.1.<\/p>\n<\/td>\n<td style=\"width: 17.1202%;\" width=\"122\">\n<p>11.2.<\/p>\n<\/td>\n<td style=\"width: 16.3286%;\" width=\"122\">\n<p>18.2.<\/p>\n<\/td>\n<td style=\"width: 16.3286%;\" width=\"122\">\n<p>25.3.<\/p>\n<\/td>\n<\/tr>\n<tr>\n<td style=\"width: 33.2014%;\" width=\"122\">\n<p>3\/26 Vesihuolto<\/p>\n<\/td>\n<td style=\"width: 16.3286%;\" width=\"122\">\n<p>7.3.<\/p>\n<\/td>\n<td style=\"width: 17.1202%;\" width=\"122\">\n<p>8.4.<\/p>\n<\/td>\n<td style=\"width: 16.3286%;\" width=\"122\">\n<p>15.4.<\/p>\n<\/td>\n<td style=\"width: 16.3286%;\" width=\"122\">\n<p>22.5.<\/p>\n<\/td>\n<\/tr>\n<tr>\n<td style=\"width: 33.2014%;\" width=\"122\">\n<p>4\/26 Vesiosaamisen tulevaisuus<\/p>\n<\/td>\n<td style=\"width: 16.3286%;\" width=\"122\">\n<p>25.5.<\/p>\n<\/td>\n<td style=\"width: 17.1202%;\" width=\"122\">\n<p>24.6.<\/p>\n<\/td>\n<td style=\"width: 16.3286%;\" width=\"122\">\n<p>5.8.<\/p>\n<\/td>\n<td style=\"width: 16.3286%;\" width=\"122\">\n<p>9.9.<\/p>\n<\/td>\n<\/tr>\n<tr>\n<td style=\"width: 33.2014%;\" width=\"122\">\n<p>5\/26 Teko\u00e4ly ja vesi<\/p>\n<\/td>\n<td style=\"width: 16.3286%;\" width=\"122\">\n<p>10.8.<\/p>\n<\/td>\n<td style=\"width: 17.1202%;\" width=\"122\">\n<p>11.9.<\/p>\n<\/td>\n<td style=\"width: 16.3286%;\" width=\"122\">\n<p>18.9.<\/p>\n<\/td>\n<td style=\"width: 16.3286%;\" width=\"122\">\n<p>23.10.<\/p>\n<\/td>\n<\/tr>\n<tr>\n<td style=\"width: 33.2014%;\" width=\"122\">\n<p>6\/26 Digitaaliset ratkaisut vesienhallinnassa<\/p>\n<\/td>\n<td style=\"width: 16.3286%;\" width=\"122\">\n<p>21.9.<\/p>\n<\/td>\n<td style=\"width: 17.1202%;\" width=\"122\">\n<p>23.10.<\/p>\n<\/td>\n<td style=\"width: 16.3286%;\" width=\"122\">\n<p>30.10.<\/p>\n<\/td>\n<td style=\"width: 16.3286%;\" width=\"122\">\n<p>4.12.<\/p>\n<\/td>\n<\/tr>\n<\/tbody>\n<\/table>\n<p>&nbsp;<\/p>\n<h2><strong>Teemojen kuvaukset<\/strong><\/h2>\n<p>Vesitalous-lehden 1\/2026 teemana on <strong>Lumi<\/strong>. Erikoisnumerossa keskitymme lumeen liittyv\u00e4\u00e4n tutkimukseen ja esittelemme, kuinka lunta mitataan ja mallinnetaan sek\u00e4 miten lumi vaikuttaa vesist\u00f6ihin ja yhteiskuntaan.<\/p>\n<p>Vesitalous-lehden 2\/2026 teemana on <strong>Vesihuoltolain uudistus<\/strong>. Numerossa k\u00e4sitell\u00e4\u00e4n vesihuoltolain uudistukseen liittyvi\u00e4 keskeisi\u00e4 teemoja kuten vesihuoltolaitoksen m\u00e4\u00e4ritelm\u00e4, varautuminen, vesihuollon suunnittelu ja kuntien m\u00e4\u00e4r\u00e4ysvalta vesihuoltolaitoksissa. Lis\u00e4ksi yhten\u00e4 keskeisen\u00e4 teemana on omaisuudenhallinta lains\u00e4\u00e4d\u00e4nn\u00f6n n\u00e4k\u00f6kulmasta.<\/p>\n<p>Vesitalous-lehden 3\/2026 teemana on<strong> Vesihuolto<\/strong>. Lahden Messukeskuksessa 20.-21.5.2026 j\u00e4rjestett\u00e4vien Vesihuolto 2026 \u2013p\u00e4ivien mielenkiintoisimmat esitelm\u00e4t julkaistaan teemanumerossa artikkeleina. Aiheet kattavat monipuolisesti vesihuoltotoiminnan eri osa-alueet sis\u00e4lt\u00e4en niin teknisi\u00e4 kuin hallinnollisia asioita.<\/p>\n<p>Vesitalous-lehden 4\/2026 teemana on <strong>Vesiosaamisen urapolut<\/strong>. Suomessa vesialan koulutus ja osaaminen ovat korkealla tasolla, mutta muuttuvassa toimintaymp\u00e4rist\u00f6ss\u00e4 alan tarpeisiin on vastattava kehitt\u00e4m\u00e4ll\u00e4 ja uudistamalla my\u00f6s opetusta. Numerossa tutustutaan alan opetuksen nykytilaan ja kehitykseen sek\u00e4 tulevaisuuden tarpeisiin vesiosaamisen osalta.\u00a0<\/p>\n<p>Vesitalous-lehden 5\/2026 teemana on<strong> Teko\u00e4ly ja vesi<\/strong>. Vesialan monimuotoinen osaaminen on jo pitk\u00e4\u00e4n ollut kest\u00e4vien yhteiskuntien toimintojen keskeinen osa. Teko\u00e4lyn merkitys yhteiskunnassa on samalla kasvanut eritt\u00e4in nopeasti viimeisten kymmenen vuoden aikana. T\u00e4ss\u00e4 erikoisnumerossa keskitymme teko\u00e4lymenetelmien sovelluksiin ja niiden kehitt\u00e4miseen erilaisiin vesialan tarpeisiin.<\/p>\n<p>Vesitalous-lehden 6\/2026 teemana on <strong>Digitaaliset ratkaisut vesienhallinnassa<\/strong>. Erikoisnumero tuo esimerkkej\u00e4 muun muassa k\u00e4ynniss\u00e4 olevasta Digitaaliset vedet (DIWA) -lippulaivasta, jonka tavoitteena on edist\u00e4\u00e4 vesialan seuraavaa digitaalista murrosta uusien tutkimustulosten ja l\u00e4hestymistapojen sek\u00e4 yhteiskunnallisen vaikuttavuuden ja yritysinnovaatioiden kautta.<\/p>\n<p>&nbsp;<\/p>\n<p>&nbsp;<\/p>\n<table style=\"height: 118px; width: 100%; border-collapse: collapse;\">\n<tbody>\n<tr style=\"height: 118px;\">\n<td style=\"width: 100%; text-align: center; height: 118px;\">\n<p><span style=\"color: #000000;\"><strong>Ilmoitusmyynti<br \/>\n<\/strong>Jarkko Narvanne<br \/>\n<\/span><span style=\"color: #ffffff;\"><span style=\"color: #0000ff;\"><a style=\"color: #0000ff;\" href=\"mailto:toimitus@vesitalous.fi\">toimitus(a)vesitalous.fi<\/a><\/span><br \/>\n<a style=\"color: #ffffff;\" href=\"mailto:toimitus@vesitalous.fi\">toimitus(at)vesitalous.fi<\/a><\/span><\/p>\n<\/td>\n<\/tr>\n<\/tbody>\n<\/table>\n<p>&nbsp;<\/p>\n<h1>ILMOITUSKOOT JA -HINNAT<\/h1>\n<h3>DIGITAALINEN MEDIA<\/h3>\n<p>Vesitalouden <strong>kotisivuilla<\/strong> on kuukausittain yli 1000 lukijaa. Lis\u00e4ksi\u00a0Vesitalouden kuukausittainen (poislukien kes\u00e4- ja hein\u00e4kuu) <strong>uutiskirje<\/strong>\u00a0tavoittaa noin 500 lukijaa. Kotisivun sek\u00e4 uutiskirjeen mainokset sek\u00e4 aineiston toimitus: <a href=\"mailto:toimitus@vesitalous.fi\">toimitus(at)vesitalous.fi\u00a0<\/a><\/p>\n<p>Formaatti JPG tai PNG, resoluutio 72 dpi<\/p>\n<p>Mainosjakso 30 pv\u00e4<\/p>\n<ul>\n<li>Uutiskirjebanneri (500 vesialan ammattilaista), koko 1200\u00d7600px = 500,00 \u20ac<\/li>\n<li>Nettisivubanneri 1 kk (1000 lukijaa kk), koko 300\u00d7450px = 500,00 \u20ac<\/li>\n<li>Uutiskirje+nettisivubanneri = 900,00 \u20ac<\/li>\n<\/ul>\n<p>&nbsp;<\/p>\n<h3>PAINETTU MEDIA<\/h3>\n<table style=\"border-collapse: collapse; width: 100%; height: 240px;\">\n<tbody>\n<tr style=\"height: 24px;\">\n<td style=\"width: 33.3333%; height: 24px;\"><strong>Koko<\/strong><\/td>\n<td style=\"width: 33.3333%; height: 24px;\"><strong>Mitat (lev. x kork.)<\/strong><\/td>\n<td style=\"width: 33.3333%; height: 24px;\"><strong>Hinta (alv. 0)<\/strong><\/td>\n<\/tr>\n<tr style=\"height: 24px;\">\n<td style=\"width: 33.3333%; height: 24px;\">Takakansi<\/td>\n<td style=\"width: 33.3333%; height: 24px;\">210 x 265\u202fmm (+3\u202fmm)*<\/td>\n<td style=\"width: 33.3333%; height: 24px;\">2\u202f000,00\u202f\u20ac<\/td>\n<\/tr>\n<tr style=\"height: 24px;\">\n<td style=\"width: 33.3333%; height: 24px;\">Etu- tai takasis\u00e4kansi<\/td>\n<td style=\"width: 33.3333%; height: 24px;\">210\u202fx\u202f290\u202fmm (+3\u202fmm)*<\/td>\n<td style=\"width: 33.3333%; height: 24px;\">1\u202f900,00\u202f\u20ac<\/td>\n<\/tr>\n<tr style=\"height: 24px;\">\n<td style=\"width: 33.3333%; height: 24px;\">1\/1-sivu<\/td>\n<td style=\"width: 33.3333%; height: 24px;\">210\u202fx\u202f290\u202fmm (+3\u202fmm)*<\/td>\n<td style=\"width: 33.3333%; height: 24px;\">1\u202f800,00\u202f\u20ac<\/td>\n<\/tr>\n<tr style=\"height: 24px;\">\n<td style=\"width: 33.3333%; height: 24px;\">1\/2-sivu, pysty<\/td>\n<td style=\"width: 33.3333%; height: 24px;\">90 x 240 mm<\/td>\n<td style=\"width: 33.3333%; height: 24px;\">1200,00\u202f\u20ac<\/td>\n<\/tr>\n<tr style=\"height: 24px;\">\n<td style=\"width: 33.3333%; height: 24px;\">1\/2-sivu, vaaka<\/td>\n<td style=\"width: 33.3333%; height: 24px;\">170 x 120 mm<\/td>\n<td style=\"width: 33.3333%; height: 24px;\">1200,00\u202f\u20ac<\/td>\n<\/tr>\n<tr style=\"height: 24px;\">\n<td style=\"width: 33.3333%; height: 24px;\">1\/3-sivu, pysty<\/td>\n<td style=\"width: 33.3333%; height: 24px;\">53 x 240 mm<\/td>\n<td style=\"width: 33.3333%; height: 24px;\">900,00\u202f\u20ac<\/td>\n<\/tr>\n<tr style=\"height: 24px;\">\n<td style=\"width: 33.3333%; height: 24px;\">1\/3-sivu, vaaka<\/td>\n<td style=\"width: 33.3333%; height: 24px;\">170 x 80 mm<\/td>\n<td style=\"width: 33.3333%; height: 24px;\">900,00\u202f\u20ac<\/td>\n<\/tr>\n<tr style=\"height: 24px;\">\n<td style=\"width: 33.3333%; height: 24px;\">1\/4-sivu, pysty<\/td>\n<td style=\"width: 33.3333%; height: 24px;\">85 x 120 mm<\/td>\n<td style=\"width: 33.3333%; height: 24px;\">750,00\u202f\u20ac<\/td>\n<\/tr>\n<tr style=\"height: 24px;\">\n<td style=\"width: 33.3333%; height: 24px;\">1\/4-sivu, vaaka<\/td>\n<td style=\"width: 33.3333%; height: 24px;\">170 x 60 mm<\/td>\n<td style=\"width: 33.3333%; height: 24px;\">750,00\u202f\u20ac<\/td>\n<\/tr>\n<\/tbody>\n<\/table>\n<p>*\u00a0 3\u202fmm leikkausvarat (3\u202fmm bleeds. No cropmarks needed).<\/p>\n<ul>\n<li>Muut koot sopimuksen mukaan.<\/li>\n<li>Toista tai vaihda ilmoitusta numeroittain.<\/li>\n<li>Vuosi-ilmoitus liikehakemistossa 18\u00a0\u20ac\/pmm<\/li>\n<li>Palstan leveys liikehakemistossa 80\u00a0mm, kaksi palstaa 170\u00a0mm.<\/li>\n<li>Nosta tunnettuutta n\u00e4kyv\u00e4ll\u00e4 toistolla.<\/li>\n<li>Toista tai vaihda ilmoitusta numeroittain.<\/li>\n<\/ul>\n<p><strong>Aineistovaatimukset<\/strong><\/p>\n<ul>\n<li>Painovalmis PDF (CMYK-v\u00e4rit, fontit mukana tai polkuina).<\/li>\n<li>Suositeltava kuvien tarkkuus on v\u00e4hint\u00e4\u00e4n 300\u00a0ppi.<\/li>\n<li>Aineiston toimitus: <a href=\"mailto:toimitus@vesitalous.fi\">toimitus(at)vesitalous.fi\u00a0<\/a><\/li>\n<\/ul>\n<p><strong>Vastuu ilmoituksesta<\/strong><\/p>\n<p>Asiakas vastaa:<\/p>\n<ul>\n<li>aineiston toimittamisesta viimeist\u00e4\u00e4n aineistop\u00e4iv\u00e4n\u00e4<\/li>\n<li>toimittamansa aineiston oikeellisuudesta<\/li>\n<li>ett\u00e4 aineisto ja l\u00e4hetetty vedos vastaavat toisiaan.<\/li>\n<\/ul>\n<p>My\u00f6h\u00e4styneest\u00e4 aineistosta veloitetaan mahdolliset lis\u00e4kustannukset. Aineistoon teht\u00e4v\u00e4t muutosty\u00f6t veloitetaan tehdyn ty\u00f6n mukaan. Lehti omistaa valmistuttamansa aineiston.<\/p>\n<p>Lehdell\u00e4 on oikeus olla julkaisematta ilmoitusta. Ilmoittaja vastaa lehdelle siit\u00e4, ett\u00e4 aineiston julkaiseminen tapahtuu kenenk\u00e4\u00e4n tekij\u00e4noikeutta loukkaamatta ja ett\u00e4 ilmoitus on lakien ja asetusten mukainen.<\/p>\n<p><strong>Ilmoitusten peruuttaminen<\/strong><\/p>\n<ul>\n<li>Peruutus on teht\u00e4v\u00e4 ilmoitusmyyj\u00e4lle viimeist\u00e4\u00e4n ilmoitusten varausp\u00e4iv\u00e4n\u00e4.<\/li>\n<li>Varausp\u00e4iv\u00e4n ja aineistop\u00e4iv\u00e4n v\u00e4lill\u00e4 tapahtuvasta peruutuksesta veloitetaan 40\u00a0% ilmoituksen hinnasta.<\/li>\n<li>Aineistop\u00e4iv\u00e4n j\u00e4lkeisest\u00e4 peruutuksesta veloitetaan 100\u00a0% ilmoituksen hinnasta.<\/li>\n<\/ul>\n<p><strong>Reklamaatiot<\/strong><\/p>\n<p>Mahdolliset reklamaatiot 7 vrk:n kuluessa lehden ilmestymisest\u00e4. Lehden vastuu virheist\u00e4 rajoittuu enint\u00e4\u00e4n ilmoitushintaan. Muissa mainitsemattomissa seikoissa noudatetaan graafisen alan yleisi\u00e4 ehtoja.<\/p>\n<p>Hinnat ALV: 0 %<\/p>\n<h2>LEHDEN TEKNISI\u00c4 TIETOJA<\/h2>\n<table style=\"width: 100%;\">\n<tbody>\n<tr>\n<td width=\"132\">Painosm\u00e4\u00e4r\u00e4<\/td>\n<td width=\"565\">1200 kpl<\/td>\n<\/tr>\n<tr>\n<td width=\"132\">Lehden koko<\/td>\n<td width=\"565\">210\u00a0x\u00a0290\u00a0mm<\/td>\n<\/tr>\n<tr>\n<td width=\"132\">Painopinta-ala<\/td>\n<td width=\"565\">170\u00a0x\u00a0240\u00a0mm (tekstipalstat)<\/td>\n<\/tr>\n<tr>\n<td width=\"132\">Palstan leveys<\/td>\n<td width=\"565\">81\u00a0mm<\/td>\n<\/tr>\n<tr>\n<td width=\"132\">Palstoja<\/td>\n<td width=\"565\">2<\/td>\n<\/tr>\n<tr>\n<td width=\"132\">Rasteritiheys<\/td>\n<td width=\"565\">54\u00a0linjaa\/cm<\/td>\n<\/tr>\n<tr>\n<td width=\"132\">Paperilaatu<\/td>\n<td width=\"565\">100\u00a0g Luminova<\/td>\n<\/tr>\n<tr>\n<td width=\"132\">Painopaikka<\/td>\n<td width=\"565\">Punamusta &lt;tiedustelut <a href=\"mailto:sari.lehto@punamusta.com\">email<\/a>&gt;<\/td>\n<\/tr>\n<tr>\n<td width=\"132\">Painomenetelm\u00e4<\/td>\n<td width=\"565\">Offset<\/td>\n<\/tr>\n<tr>\n<td width=\"132\">Sidonta<\/td>\n<td width=\"565\">stiftaus<\/td>\n<\/tr>\n<tr>\n<td width=\"132\">V\u00e4risyys<\/td>\n<td width=\"565\">4\/4 (CMYK)<\/td>\n<\/tr>\n<\/tbody>\n<\/table>\n<p>&nbsp;<\/p>\n<h2>TILAA VESITALOUS-LEHTI<\/h2>\n<ul>\n<li>Printtilehden kestotilaus 65 \u20ac\/vuosikerta. Vesilaitosyhdistyksen <br \/>\nja Suomen Vesiyhdistyksen j\u00e4senille yksi vuosikerta j\u00e4senetuna. <br \/>\nVuodesta 2023 alkaen Vesitalouden on voinut tilata my\u00f6s digilehten\u00e4 Lehtiluukun <br \/>\nkautta. Digilehden kestotilaus 50 \u20ac\/vuosi ja irtonumerot 9 \u20ac\/kpl<\/li>\n<li><a href=\"http:\/\/vesitalous.fi\/en\/vesitalous-lehti\/tilaa-lehti\/\">http:\/\/vesitalous.fi\/vesitalous-lehti\/tilaa-lehti\/<\/a><\/li>\n<li>Yritykset ja yhteis\u00f6t voivat tilata lehden ePress-palvelusta.<\/li>\n<\/ul>\n<p>&nbsp;<\/p>\n<h2>YHTEYSTIEDOT<\/h2>\n<p><strong>Julkaisija<\/strong><br \/>\nYmp\u00e4rist\u00f6viestint\u00e4 YVT Oy<br \/>\nAnnankatu 29 A 18, 00100 Helsinki<br \/>\nPuh. 09-694\u202f0622<br \/>\nYhteisty\u00f6ss\u00e4 Suomen Vesiyhdistys ry<\/p>\n<p><strong>P\u00e4\u00e4toimittaja<br \/>\n<\/strong>Minna Maasilta<br \/>\nPuh. 09-694\u202f0622<br \/>\n<a href=\"mailto:minna.maasilta@mvtt.fi\">minna.maasilta(at)mvtt.fi<\/a><\/p>\n<p><strong>Ilmoitusmyynti ja toimitussihteeri<br \/>\n<\/strong>Jarkko Narvanne<br \/>\nPuh. 045 305 0070<br \/>\n<a href=\"mailto:toimitus@vesitalous.fi\">toimitus(at)vesitalous.fi<\/a><\/p>\n<p>&nbsp;<\/p>","protected":false},"excerpt":{"rendered":"<p>Vesitalous on johtava vesi- ja ymp\u00e4rist\u00f6asioita laajasti ja monimuotoisesti k\u00e4sittelev\u00e4 vesialan ammattilaisille suunnattu erikoislehti. Lehden jokaisessa numerossa julkaistaan ajankohtaisen teeman mukaisia artikkeleita. Sis\u00e4ll\u00f6st\u00e4 yli puolet on vesihuoltoa ja sen osa-alueita k\u00e4sittelevi\u00e4 artikkeleita, sek\u00e4 uutisia ja tietoa ajankohtaisista tapahtumista. Vesitalous-lehte\u00e4 on julkaistu vuodesta 1960 l\u00e4htien. Lehti tukee, yll\u00e4pit\u00e4\u00e4 ja lis\u00e4\u00e4 asiantuntijoiden ammattitaitoa korkeatasoisilla ja k\u00e4yt\u00e4nn\u00f6nl\u00e4heisill\u00e4 artikkeleilla. &hellip;<\/p>","protected":false},"author":12,"featured_media":0,"parent":0,"menu_order":0,"comment_status":"closed","ping_status":"closed","template":"","meta":{"_monsterinsights_skip_tracking":false,"_monsterinsights_sitenote_active":false,"_monsterinsights_sitenote_note":"","_monsterinsights_sitenote_category":0,"footnotes":""},"class_list":["post-6546","page","type-page","status-publish","hentry"],"_links":{"self":[{"href":"https:\/\/vesitalous.fi\/en\/wp-json\/wp\/v2\/pages\/6546","targetHints":{"allow":["GET"]}}],"collection":[{"href":"https:\/\/vesitalous.fi\/en\/wp-json\/wp\/v2\/pages"}],"about":[{"href":"https:\/\/vesitalous.fi\/en\/wp-json\/wp\/v2\/types\/page"}],"author":[{"embeddable":true,"href":"https:\/\/vesitalous.fi\/en\/wp-json\/wp\/v2\/users\/12"}],"replies":[{"embeddable":true,"href":"https:\/\/vesitalous.fi\/en\/wp-json\/wp\/v2\/comments?post=6546"}],"version-history":[{"count":22,"href":"https:\/\/vesitalous.fi\/en\/wp-json\/wp\/v2\/pages\/6546\/revisions"}],"predecessor-version":[{"id":9912,"href":"https:\/\/vesitalous.fi\/en\/wp-json\/wp\/v2\/pages\/6546\/revisions\/9912"}],"wp:attachment":[{"href":"https:\/\/vesitalous.fi\/en\/wp-json\/wp\/v2\/media?parent=6546"}],"curies":[{"name":"wp","href":"https:\/\/api.w.org\/{rel}","templated":true}]}}