{"id":737,"date":"2011-10-11T12:43:23","date_gmt":"2011-10-11T09:43:23","guid":{"rendered":"http:\/\/vesitalous.mobie.fi\/?page_id=737"},"modified":"2026-03-19T18:38:54","modified_gmt":"2026-03-19T16:38:54","slug":"ohjeita-vesitalous-lehden-kirjoittajille","status":"publish","type":"page","link":"https:\/\/vesitalous.fi\/en\/vesitalous-lehti\/ohjeita-vesitalous-lehden-kirjoittajille\/","title":{"rendered":"Ohjeita Vesitalous-lehden kirjoittajille"},"content":{"rendered":"<p><a href=\"https:\/\/vesitalous.fi\/wp-content\/uploads\/2026\/03\/capture_001_11032026_084322.jpg\"><img loading=\"lazy\" decoding=\"async\" class=\"alignnone size-full wp-image-10070\" src=\"https:\/\/vesitalous.fi\/wp-content\/uploads\/2026\/03\/capture_001_11032026_084322.jpg\" alt=\"\" width=\"1757\" height=\"690\" srcset=\"https:\/\/vesitalous.fi\/wp-content\/uploads\/2026\/03\/capture_001_11032026_084322.jpg 1757w, https:\/\/vesitalous.fi\/wp-content\/uploads\/2026\/03\/capture_001_11032026_084322-300x118.jpg 300w, https:\/\/vesitalous.fi\/wp-content\/uploads\/2026\/03\/capture_001_11032026_084322-1024x402.jpg 1024w, https:\/\/vesitalous.fi\/wp-content\/uploads\/2026\/03\/capture_001_11032026_084322-768x302.jpg 768w, https:\/\/vesitalous.fi\/wp-content\/uploads\/2026\/03\/capture_001_11032026_084322-1536x603.jpg 1536w, https:\/\/vesitalous.fi\/wp-content\/uploads\/2026\/03\/capture_001_11032026_084322-18x7.jpg 18w, https:\/\/vesitalous.fi\/wp-content\/uploads\/2026\/03\/capture_001_11032026_084322-800x314.jpg 800w\" sizes=\"auto, (max-width: 1757px) 100vw, 1757px\" \/><\/a><\/p>\n<p style=\"padding-left: 40px;\"><strong>Vesitalous-lehti v\u00e4litt\u00e4\u00e4 tietoa ja n\u00e4kymi\u00e4 vesivaroista, vesihuollosta, vesien hallinnasta ja vesiin kytkeytyvist\u00e4 monialaisista kysymyksist\u00e4. Vesitalous tarkastelee mm. tekniikkaan, ymp\u00e4rist\u00f6\u00f6n, yhdyskuntiin ja alan koulutukseen liittyvi\u00e4 kehityssuuntia.<\/strong><\/p>\n<p><em>Julkaisija kannustaa k\u00e4ytt\u00e4m\u00e4\u00e4n Vesitalous-lehte\u00e4 opetuksessa. Jos toimit opettajana korkeakoulussa ja haluat k\u00e4ytt\u00f6\u00f6si tietyn lehden tai artikkelin, ota yhteytt\u00e4 minna.maasilta\u00a0(\u00e4t)\u00a0mvtt.fi<\/em><\/p>\n<table style=\"width: 100%; border-collapse: collapse; background-color: #bcdef5;\" cellpadding=\"10\">\n<tbody>\n<tr>\n<td style=\"width: 100%;\"><strong>L\u00e4het\u00e4 artikkeliehdotuksesi lehden toimitussihteerille s\u00e4hk\u00f6postiosoitteeseen: <\/strong><a href=\"mailto:toimitus@vesitalous.fi\">toimitus(at)vesitalous.fi<\/a>\u00a0(Jarkko Narvanne)<\/td>\n<\/tr>\n<\/tbody>\n<\/table>\n<p>Otamme ehdotuksenne k\u00e4sitelt\u00e4v\u00e4ksi seuraavassa toimituskunnan kokouksessa, jossa p\u00e4\u00e4tet\u00e4\u00e4n, hyv\u00e4ksyt\u00e4\u00e4nk\u00f6 artikkeli julkaistavaksi Vesitalous-lehdess\u00e4. Palaamme asiaan kokouksen j\u00e4lkeen. Kokoonnumme nelj\u00e4sti vuodessa maaliskuussa, toukokuussa, syyskuussa ja marraskuussa.<\/p>\n<h2>Kirjoituspalkkio<\/h2>\n<p>Kirjoituspalkkio on artikkelin pituudesta riippuen 120\u2013180 eur\/ artikkeli. Ohjeet palkkion saamiseksi l\u00e4hetet\u00e4\u00e4n artikkelin ykk\u00f6skirjoittajalle lehden ilmestymisen j\u00e4lkeen. Ajankohtaisjutuista ei makseta palkkiota.<\/p>\n<h2>KIRJOITUSOHJEET<\/h2>\n<p><a href=\"https:\/\/vesitalous.fi\/wp-content\/uploads\/2025\/11\/kirjoitusten-rakenne_2026-scaled.webp\"><img loading=\"lazy\" decoding=\"async\" class=\"alignnone size-full wp-image-9793\" src=\"https:\/\/vesitalous.fi\/wp-content\/uploads\/2025\/11\/kirjoitusten-rakenne_2026-scaled.webp\" alt=\"Kirjoitusten rakenne kuvana\" width=\"1854\" height=\"2560\" srcset=\"https:\/\/vesitalous.fi\/wp-content\/uploads\/2025\/11\/kirjoitusten-rakenne_2026-scaled.webp 1854w, https:\/\/vesitalous.fi\/wp-content\/uploads\/2025\/11\/kirjoitusten-rakenne_2026-217x300.webp 217w, https:\/\/vesitalous.fi\/wp-content\/uploads\/2025\/11\/kirjoitusten-rakenne_2026-742x1024.webp 742w, https:\/\/vesitalous.fi\/wp-content\/uploads\/2025\/11\/kirjoitusten-rakenne_2026-768x1060.webp 768w, https:\/\/vesitalous.fi\/wp-content\/uploads\/2025\/11\/kirjoitusten-rakenne_2026-1113x1536.webp 1113w, https:\/\/vesitalous.fi\/wp-content\/uploads\/2025\/11\/kirjoitusten-rakenne_2026-1484x2048.webp 1484w, https:\/\/vesitalous.fi\/wp-content\/uploads\/2025\/11\/kirjoitusten-rakenne_2026-9x12.webp 9w, https:\/\/vesitalous.fi\/wp-content\/uploads\/2025\/11\/kirjoitusten-rakenne_2026-800x1104.webp 800w\" sizes=\"auto, (max-width: 1854px) 100vw, 1854px\" \/><\/a><\/p>\n<p>Kaikkien artikkeleiden tulee sis\u00e4lt\u00e4\u00e4:<\/p>\n<p><strong>1. Otsikko.<\/strong> Otsikon tulee kuvata artikkelia mahdollisimman hyvin ja yksinkertaisesti. K\u00e4yt\u00e4 maksimissaan 8 sanaa.<\/p>\n<p><strong>2. Avainsanat<\/strong> (v\u00e4h. kaksi kappaletta) verkkosivujen suodatusominaisuutta varten. Esim. vesihuolto, vesiturvallisuus, tutkimus, kemikaali.<\/p>\n<p><strong>3. Ingressi<\/strong>. Artikkeli aloitetaan ingressill\u00e4, jonka tarkoituksena on her\u00e4tt\u00e4\u00e4 lukijoiden kiinnostus artikkeliin. Ingressin pituus on 200\u2013400 merkki\u00e4 ja se sijoitetaan heti artikkelin otsikon j\u00e4lkeen.<\/p>\n<p><strong>4. Abstrakti<\/strong>. Artikkelin englanninkielinen tiivistelm\u00e4. \u00c4l\u00e4 unohda otsikkoa! Otsikon ja tiivistelm\u00e4n yhteispituus on maks. 400\u2013500 merkki\u00e4. Kirjoittaja voi itse tehd\u00e4 abstraktin, mutta lehdell\u00e4 on my\u00f6s k\u00e4\u00e4nt\u00e4j\u00e4, jonka apuun voi aina turvautua.<\/p>\n<p><strong>5. Aloituskappale<\/strong>. Johdanto. Ei v\u00e4liotsikkoa.<\/p>\n<p><strong>6. V\u00e4liotsikot<\/strong>. V\u00e4hint\u00e4\u00e4n 1 kpl \/ sivu.<\/p>\n<p><strong>7. Kirjoittajan valokuva ja yhteystiedot <\/strong>(1. kirjoittajan valokuva, 2. Nimi, 3. Koulutus, 4. Ty\u00f6paikka, 5. S\u00e4hk\u00f6postiosoite sek\u00e4 6. Postiosoite lehden kirjoittajakappaletta varten). Kirjoittajan valokuvan yhteydess\u00e4 kerrotaan lyhyesti kirjoittajan yhteystiedot ja ty\u00f6historiaa tai muuta artikkelin kannalta olennaista tietoa, pituus noin 100 merkki\u00e4. Huom. Jos haluat <strong>lehden kirjoittajakappaleen<\/strong>, muista ilmoittaa my\u00f6s postiosoiteesi!<\/p>\n<p><strong>8. Kuvat \/ taulukot<\/strong>. V\u00e4hint\u00e4\u00e4n 1 kpl \/ sivu. Kuvatiedostot mahdollisimman hyv\u00e4laatuisina omina tiedostoina (jpg, xls, pdf, eps jne.). Mit\u00e4 enemm\u00e4n taittaja pystyy kuvia muokkaamaan, sit\u00e4 parempi. Esim. monesti tulee eteen tarve suurentaa teksti\u00e4, jotta erottuisi. Kuvat erillisin\u00e4 siksi, ett\u00e4 asetuksista riippuen MS Word (docx) saattaa pakata kuvat ja siten huonontaa niiden laatua. Siksi kuvat my\u00f6s erillisin\u00e4, mahdollisimman alkuper\u00e4isin\u00e4 liitetiedostoina. Huom. Erillisten kuvatiedostojen lis\u00e4ksi kuvat on hyv\u00e4 sis\u00e4llytt\u00e4\u00e4 my\u00f6s itse word-dokumenttiin, jotta kuvatiedostot voidaan parhaiten yhdist\u00e4\u00e4 kuvateksteihin. Lis\u00e4ksi artikkelin arviointi helpottuu, kun kuvat on jo valmiiksi upotettu wordiin.<\/p>\n<table style=\"border-collapse: collapse; width: 100%;\">\n<tbody>\n<tr>\n<td style=\"width: 100%;\"><strong>Kuvien julkaisulupa<br \/>\n<\/strong><strong>Huom!<\/strong>\u00a0Kirjoittaja vastaa siit\u00e4, ett\u00e4 Vesitalous-lehteen l\u00e4hetett\u00e4v\u00e4 aineisto ei sis\u00e4ll\u00e4 sellaista kolmannen osapuolen aineistoa, jonka oikeuksia julkaiseminen loukkaa. Muista siis pyyt\u00e4\u00e4 kuvaajalta lupa julkaisuun ja mainita kuvaajan nimi. <br \/>\nJulkaisulupa t\u00e4ytyy olla my\u00f6s julkaisuun tuleviin graafeihin, piirroksiin yms. Suosittelemme k\u00e4ytt\u00e4m\u00e4\u00e4n itse otettuja kuvia ja omia piirroksia. Toiveena on, ett\u00e4 julkaisun teemasta riippuen, julkaisussa on 1-2 asiaa havainnollistavaa kuvaa tai kuviota.<\/td>\n<\/tr>\n<\/tbody>\n<\/table>\n<p>&nbsp;<\/p>\n<p>L\u00e4het\u00e4 k\u00e4sikirjoitus esim. doc, docx, rtf tai odf -muodossa. Perusartikkelin toivottava enimm\u00e4ispituus on 3 sivua eli 12.000 merkki\u00e4. Yhden sivun pituus on 4.000 merkki\u00e4. T\u00e4ll\u00f6in sivulle mahtuu mukaan my\u00f6s yksi pienehk\u00f6 (lev. 81 mm) kuva.\u00a0<\/p>\n<p>Laajempaa (TSV:n) vertaisarvioitu-tunnusta (ks. tarkemmin alempana) hakevan artikkelin suosituspituus on 4-6 sivua eli 16.000-24.000 merkki\u00e4 (vastaa enint\u00e4\u00e4n noin 2.500 sanaa), mutta t\u00e4st\u00e4 voidaan tarvittaessa poiketa, jos esimerkiksi vertaisarvioinnissa arvioija esitt\u00e4\u00e4 huomion, ett\u00e4 tekstiin tulee lis\u00e4t\u00e4 osioita.<\/p>\n<p>Otsikoiden ja v\u00e4liotsikoiden tulisi olla lyhyit\u00e4 ja mielenkiintoa her\u00e4tt\u00e4vi\u00e4. Tietolaatikoiden k\u00e4ytt\u00f6\u00e4 selitt\u00e4m\u00e4\u00e4n artikkeliin liittyvi\u00e4 asiakokonaisuuksia suositellaan.<\/p>\n<p>Vesitalous-lehden artikkeleilta vaaditaan hyv\u00e4\u00e4 suomen kielt\u00e4. Suoritathan kielenhuollon jo ennen kuin l\u00e4het\u00e4t artikkelisi taittoon luetuttamalla sen kahdella kollegalla tai tarvittaessa ulkopuolisella ammattioikolukijalla. \u00c4l\u00e4 milloinkaan k\u00e4yt\u00e4 artikkelissasi &#8221;min\u00e4&#8221; tai &#8221;me&#8221;-muotoja.<\/p>\n<p>&nbsp;<\/p>\n<p>Tietoa artikkelin ilmestymisest\u00e4 Vesitaloudessa on mahdollista ja my\u00f6s suotavaa levitt\u00e4\u00e4 <strong>sosiaalisessa mediassa<\/strong> lehden ilmestyess\u00e4.<\/p>\n<p>Kaikissa artikkeleihin liittyviss\u00e4 kysymyksiss\u00e4 ja ongelmatapauksissa voi k\u00e4\u00e4nty\u00e4 toimitussihteerin puoleen.<\/p>\n<p>&nbsp;<\/p>\n<h2>Artikkeleiden toivotaan sis\u00e4lt\u00e4v\u00e4n kuvia, taulukoita ja l\u00e4hdeluettelon:<\/h2>\n<p><strong>Kuvat ja taulukot<\/strong> l\u00e4hetet\u00e4\u00e4n <strong><em>erillisin\u00e4<\/em><\/strong> tiedostoina, mahdollisimman alkuper\u00e4isin\u00e4 tiedostoina. Kuviin ja taulukoihin viitataan tekstiss\u00e4 (<strong>kuva 1<\/strong>) ja jokaisessa kuvassa t\u00e4ytyy olla kuvateksti sek\u00e4 taulukossa otsikko. Kuvatekstit ja taulukoiden otsikot sijoitetaan k\u00e4sikirjoitustekstin loppuun. Kuvat tulee nimet\u00e4 yksinkertaisesti (<strong>kuva 1<\/strong>), jotta ne voidaan helposti yhdist\u00e4\u00e4 kuvateksteihin.<\/p>\n<p>Kuvien osalta huomioitavaa:<\/p>\n<ul>\n<li>Kuvat mahdollisimman alkuper\u00e4isin\u00e4, esim. Excel taulukot xlsx-tiedostoina, PowerPoint kuvat pptx-tiedostoina. PDF voi my\u00f6skin olla hyv\u00e4 formaatti. Taittajan on hyv\u00e4 voida p\u00e4\u00e4st\u00e4 muokkaamaan kuvaa esim. suurentamaan teksti\u00e4.<\/li>\n<li>Valokuvat tyypillisesti jpg-tiedostoina. Resoluutio 300 dpi. Yleens\u00e4 2.000 pikseli\u00e4 leve\u00e4 kuva on riitt\u00e4v\u00e4n iso. Vesitalouden palstan leveys on 81 mm ja kahden palstan t\u00e4ysleve\u00e4 kuva 170 mm. (Korkeus maks. 230 mm).<\/li>\n<li>K\u00e4yt\u00e4nn\u00f6ss\u00e4 esim. kirjoittajan kuvan tiedostokoko tulisi olla v\u00e4hint\u00e4\u00e4n 200 kt ja muiden kuvien yli 500 kt, jotta ne olisivat painokelpoisia.<\/li>\n<li>Eritt\u00e4in kookkaitten (yli 20 Mt) tiedostojen toimitustavasta tulee sopia erikseen toimitussihteerin kanssa.<\/li>\n<\/ul>\n<p>&nbsp;<\/p>\n<hr \/>\n<h2>Vesitalous viittausohje<\/h2>\n<p>K\u00e4sikirjoituksissa k\u00e4ytet\u00e4\u00e4n Harvardin j\u00e4rjestelm\u00e4\u00e4 (Nimi Vuosiluku). Jos l\u00e4hteell\u00e4 on kaksi kirjoittajaa, heid\u00e4t molemmat mainitaan tekstiviitteess\u00e4, ja jos kirjoittajia on enemm\u00e4n kuin kaksi, tekstiviite lyhennet\u00e4\u00e4n mainiten vain ensimm\u00e4inen vastuukirjoittaja, jonka per\u00e4\u00e4n ym. ja vuosiluku.<\/p>\n<p>Esim.:<\/p>\n<ul>\n<li>\u2026 ja samoin kuin teollinen tuotanto esimerkiksi puunjalostuksen alalla (Vuori 2016).<\/li>\n<li>Maailman talousfoorumin (2020) lista kymmenest\u00e4 t\u00e4rkeimm\u00e4st\u00e4 ty\u00f6el\u00e4m\u00e4taidosta \u2026<\/li>\n<\/ul>\n<p>Saman sulun sis\u00e4ll\u00e4 olevat viitteet erotetaan toisistaan puolipisteell\u00e4:<\/p>\n<ul>\n<li>\u2026 on viime vuosina Suomessa tutkittu l\u00e4hinn\u00e4 yksitt\u00e4isilt\u00e4 alueilta hulevesin\u00e4ytteenoton (Hujanen &amp; S\u00e4nkiaho 2011; Kerkk\u00e4inen ym. 2019) sek\u00e4 &#8230;<\/li>\n<\/ul>\n<p>Jos viitataan saman kirjoittajan samana vuonna julkaisemiin eri kirjoituksiin, ne erotetaan toisistaan lis\u00e4\u00e4m\u00e4ll\u00e4 kunkin julkaisun julkaisuvuoden per\u00e4\u00e4n pienaakkonen alkaen aakkosten alusta:<\/p>\n<ul>\n<li>(Ilmatieteen laitos 2019a; Ilmatieteen laitos 2019b)<\/li>\n<\/ul>\n<p>&nbsp;<\/p>\n<h2>L\u00e4hdeluettelo<\/h2>\n<p>K\u00e4sikirjoituksen loppuun liitet\u00e4\u00e4n aakkosj\u00e4rjestyksess\u00e4 l\u00e4hdeluettelo, jossa esitet\u00e4\u00e4n t\u00e4ydelliset tiedot k\u00e4ytetyist\u00e4 l\u00e4hteist\u00e4 (keskeisimm\u00e4t l\u00e4hteet, korkeintaan 10 kpl). Vertaisarvioitu-tunnusta hakevissa artikkeleissa voi perustellusta syyst\u00e4 olla enemm\u00e4n kuin 10 l\u00e4hdett\u00e4.<\/p>\n<p>Esim.<\/p>\n<ul>\n<li>Hujanen, J. &amp; S\u00e4nkiaho, L. (2011). Hulevesien hallintaa tiiviisti rakennetussa kaupunkiymp\u00e4rist\u00f6ss\u00e4. <em>Vesitalous<\/em>, 6\/2011: 20-23.<\/li>\n<li>Kerkk\u00e4nen, J. ym. (2019). Hajautettua hulevesien hallintaa Espoon Niittykummussa. <em>Vesitalous<\/em>, 2\/2019: 17-23.<\/li>\n<li>Maailman talousfoorumi (2020). The 10 skills you need to thrive in the Fourth Industrial Revolution. <a href=\"https:\/\/www.weforum.org\/agenda\/2016\/01\/the-10-skills-you-need-to-thrive-in-the-fourth-industrial-revolution\/\">https:\/\/www.weforum.org\/agenda\/2016\/01\/the-10-skills-you-need-to-thrive-in-the-fourth-industrial-revolution\/<\/a>.<\/li>\n<li>Vuori, K.-M. (2016). J\u00e4rviemme tila ja mets\u00e4teollisuuden vesiensuojelun uudet haasteet. <em>Vesitalous<\/em> 57: 5-8.<\/li>\n<\/ul>\n<h5>Erilaisiin viitteisiin (s\u00e4hk\u00f6iset julkaisut, kokoomateoksen kappaleet, paikkatietoaineisto, tietokannat) suosittelemme k\u00e4ytt\u00e4m\u00e4\u00e4n yleisesti hyv\u00e4ksyttyj\u00e4 viittausk\u00e4yt\u00e4nteit\u00e4.<\/h5>\n<hr \/>\n<h2>Vesitalouden OPINN\u00c4YTETY\u00d6T-palsta<\/h2>\n<p>Vesitalous-lehden opinn\u00e4ytety\u00f6palsta esittelee uusimpia vesialan opinn\u00e4ytet\u00f6it\u00e4 tuodakseen viimeisint\u00e4 tutkimustietoa helpommin l\u00f6ydett\u00e4v\u00e4ksi, sek\u00e4 esitell\u00e4kseen alamme vastavalmistuneita asiantuntijoita. Tutkielmat ovat verkossa korkeakoulujen omilla sivuilla vapaasti luettavissa.<\/p>\n<p>Julkaisemme ensisijaisesti suomalaisten korkeakoulujen maisteri- ja tohtoritason opinn\u00e4ytet\u00f6iden tiivistelmi\u00e4. Vastaanotamme suomen- ja\u00a0englanninkielisi\u00e4, enint\u00e4\u00e4n 800 merkin tiivistelmi\u00e4 s\u00e4hk\u00f6postitse (<a href=\"mailto:maija.taka@aalto.fi\">maija.taka(at)aalto.fi<\/a>).<\/p>\n<hr \/>\n<h2><img loading=\"lazy\" decoding=\"async\" class=\"alignnone size-full wp-image-7877\" src=\"https:\/\/vesitalous.fi\/wp-content\/uploads\/2023\/10\/VA_kuvio_small.png\" alt=\"\" width=\"50\" height=\"50\" srcset=\"https:\/\/vesitalous.fi\/wp-content\/uploads\/2023\/10\/VA_kuvio_small.png 50w, https:\/\/vesitalous.fi\/wp-content\/uploads\/2023\/10\/VA_kuvio_small-12x12.png 12w\" sizes=\"auto, (max-width: 50px) 100vw, 50px\" \/> Vertaisarvioitu-tunnuksen (TSV) hakeminen artikkelille<\/h2>\n<p>Vesitalous-lehdess\u00e4 julkaistaan my\u00f6s vertaisarvioituja artikkeleita (TSV), joissa k\u00e4sitell\u00e4\u00e4n uusia tutkimustuloksia vesialaan kytkeytyvist\u00e4 insin\u00f6\u00f6ritieteiden, luonnontieteiden ja monitieteisten alojen teemoista.<\/p>\n<p>Vesitalouden artikkelille on mahdollista hakea Tieteellisten seurain valtuuskunnan (TSV:n) vertaisarvioitu -tunnusta. Ennen artikkelin kirjoittamista on p\u00e4\u00e4tett\u00e4v\u00e4, halutaanko TSV-artikkeli. uksen hakemiseksi on erilliset ohjeet, joita voi kysy\u00e4 <a href=\"mailto:toimitus@vesitalous.fi\">toimitussihteerilt\u00e4<\/a>.<\/p>\n<p>Artikkelin vastuukirjoittajan on erikseen pyydett\u00e4v\u00e4 saada artikkelinsa laajaan TSV-vertaisarviointiin. Lehden kokoaja tai lehden toimituskunta suorittaa alustavan arvion k\u00e4sikirjoituksen sopivuudesta julkaisuohjelmaan ja p\u00e4\u00e4tt\u00e4\u00e4 vertaisarviointiprosessin k\u00e4ynnist\u00e4misest\u00e4 kirjoittajan pyynn\u00f6st\u00e4.<\/p>\n<p>Vesitalous-lehti panostaa sis\u00e4lt\u00f6ns\u00e4 monipuolisuuteen ja tutkimusartikkeleidensa laatuun ja luotettavuuteen. Lehdell\u00e4 on lupa k\u00e4ytt\u00e4\u00e4 TSV:n vertaisarvioitu-tunnusta niiss\u00e4 artikkeleissa, jotka on vertaisarvioitu TSV:n hyv\u00e4ksym\u00e4n menettelytavan mukaisesti. Tunnuksen k\u00e4ytt\u00e4j\u00e4n\u00e4 Vesitalous on mukana yhdenmukaistamassa kotimaisen tiedekustantamisen vertaisarviointik\u00e4yt\u00e4nt\u00f6j\u00e4 sek\u00e4 edist\u00e4m\u00e4ss\u00e4 julkaisujen laadunarvioinnin l\u00e4pin\u00e4kyvyytt\u00e4. Lis\u00e4tietoja: <a href=\"https:\/\/www.tsv.fi\/fi\/palvelut\/tunnus\">https:\/\/www.tsv.fi\/fi\/palvelut\/tunnus<\/a><\/p>\n<p>TSV:n vertaisarviointiprosessi on anonymisoitu. K\u00e4sikirjoituksessa kirjoittajatiedot tulee laittaa erilliselle etusivulle, jolloin etusivu on helppo poistaa ennen kuin se l\u00e4hetet\u00e4\u00e4n arvioijille. Toimitussihteeri poistaa metatiedot dokumentista. Muokkaa teksti niin, ett\u00e4 siit\u00e4 ei k\u00e4y kirjoittaja ilmi (esimerkiksi jos viittaat omaan aikaisempaan tutkimukseesi).<\/p>\n<p><a href=\"https:\/\/vesitalous.fi\/wp-content\/uploads\/2025\/03\/TSV-yleisohje.pdf\">TSV yleisohje<\/a> (PDF 146KB)<\/p>\n<hr \/>\n<p>FinELib<\/p>\n<p>Vesitalous on mukana t\u00e4ss\u00e4 avointen aineistojen FinELib-konsortiossa. Artikkelista saa tallentaa lehdess\u00e4 julkaistun version. Artikkelin kirjoittajan on itsens\u00e4 pyydett\u00e4v\u00e4 pdf toimitussihteerilt\u00e4 t\u00e4t\u00e4 varten. FinELib-julkaisuun voi pyyt\u00e4\u00e4 vain tieteelliset artikkelit, ei ajankohtaissis\u00e4lt\u00f6\u00e4 tai muuta sis\u00e4lt\u00f6\u00e4. Artikkelin kirjoittajan tulee ennen rinnakkaistallentamista tarkistaa, ett\u00e4 h\u00e4nell\u00e4 on oikeudet k\u00e4ytt\u00e4\u00e4 mahdollisten kolmansien osapuolten materiaalia. Kaikilta kirjoittajilta on oltava lupa. Lis\u00e4\u00e4 ohjeita FinELib-julkaisemisesta, lisenssiehdot jne: <a href=\"https:\/\/finelib.fi\/neuvottelut\/ammattilehdet\/\">https:\/\/finelib.fi\/neuvottelut\/ammattilehdet\/<\/a><\/p>\n<hr \/>\n<p>&nbsp;<\/p>\n<h2>Muita ohjeita<\/h2>\n<p><strong>KOKOAJAN OHJEET TIIVISTETYSTI<\/strong><\/p>\n<p>Vesitalous-lehden toimituskunta kutsuu alan asiantuntijoita kokoamaan kunkin teemanumeron artikkelit.<br \/>\nKokoajalta odotetaan yhteens\u00e4 v\u00e4hint\u00e4\u00e4n 32 sivua (128.000 merkki\u00e4).<\/p>\n<p>1 sivu = 4.000 merkki\u00e4*.<\/p>\n<p>Lehden sivum\u00e4\u00e4r\u00e4\u00e4 voidaan tarvittaessa s\u00e4\u00e4t\u00e4\u00e4.<\/p>\n<ul>\n<li>6 kpl t\u00e4yspitk\u00e4\u00e4 teema-artikkelia (\u00e1 4 sivua -&gt; 6 x 4 x 4.000 = 96.000 merkki\u00e4)<\/li>\n<li>3 kpl lyhytt\u00e4 teema-artikkelia (\u00e1 2 sivua -&gt; 3 x 2 x 4.000 = 24.000 merkki\u00e4)<\/li>\n<li>p\u00e4\u00e4kirjoitus (= 4.000 merkki\u00e4)<\/li>\n<li>vieraskyn\u00e4 (= 4.000 merkki\u00e4)<\/li>\n<\/ul>\n<p>Kuvia ja\/tai taulukoita toivotaan v\u00e4h. 1 kpl \/ sivu.<\/p>\n<p><strong>* Huom<\/strong>. Kaikki t\u00e4ll\u00e4 sivulla ilmoitetut merkkim\u00e4\u00e4r\u00e4t sis\u00e4lt\u00e4v\u00e4t v\u00e4lily\u00f6nnit.<\/p>\n<p>&nbsp;<\/p>\n<h2><strong>Aikataulu<\/strong><\/h2>\n<table style=\"width: 100%;\" cellspacing=\"auto\" cellpadding=\"auto\">\n<tbody>\n<tr>\n<td style=\"width: 33.2014%;\" width=\"295\">\u00a0<\/td>\n<td style=\"width: 16.3286%;\" width=\"144\">\n<p><strong>Artikkelit<\/strong><\/p>\n<\/td>\n<td style=\"width: 17.1202%;\" width=\"144\">\n<p><strong>Ilmoitusvaraukset<\/strong><\/p>\n<\/td>\n<td style=\"width: 16.3286%;\" width=\"144\">\n<p><strong>Ilmoitusaineistot<\/strong><\/p>\n<\/td>\n<td style=\"width: 16.3286%;\" width=\"144\">\n<p><strong>Ilmestyy<\/strong><\/p>\n<\/td>\n<\/tr>\n<tr>\n<td style=\"width: 33.2014%;\" width=\"122\">\n<p>1\/26 Lumi<\/p>\n<\/td>\n<td style=\"width: 16.3286%;\" width=\"122\">\n<p>24.11.2025<\/p>\n<\/td>\n<td style=\"width: 17.1202%;\" width=\"122\">\n<p>26.12.2025<\/p>\n<\/td>\n<td style=\"width: 16.3286%;\" width=\"122\">\n<p>2.1.2026<\/p>\n<\/td>\n<td style=\"width: 16.3286%;\" width=\"122\">\n<p>6.2.<\/p>\n<\/td>\n<\/tr>\n<tr>\n<td style=\"width: 33.2014%;\" width=\"122\">\n<p>2\/26 Vesihuoltolain uudistus<\/p>\n<\/td>\n<td style=\"width: 16.3286%;\" width=\"122\">\n<p>10.1.<\/p>\n<\/td>\n<td style=\"width: 17.1202%;\" width=\"122\">\n<p>11.2.<\/p>\n<\/td>\n<td style=\"width: 16.3286%;\" width=\"122\">\n<p>18.2.<\/p>\n<\/td>\n<td style=\"width: 16.3286%;\" width=\"122\">\n<p>25.3.<\/p>\n<\/td>\n<\/tr>\n<tr>\n<td style=\"width: 33.2014%;\" width=\"122\">\n<p>3\/26 Vesihuolto<\/p>\n<\/td>\n<td style=\"width: 16.3286%;\" width=\"122\">\n<p>7.3.<\/p>\n<\/td>\n<td style=\"width: 17.1202%;\" width=\"122\">\n<p>8.4.<\/p>\n<\/td>\n<td style=\"width: 16.3286%;\" width=\"122\">\n<p>15.4.<\/p>\n<\/td>\n<td style=\"width: 16.3286%;\" width=\"122\">\n<p>22.5.<\/p>\n<\/td>\n<\/tr>\n<tr>\n<td style=\"width: 33.2014%;\" width=\"122\">\n<p>4\/26 Vesiosaamisen tulevaisuus<\/p>\n<\/td>\n<td style=\"width: 16.3286%;\" width=\"122\">\n<p>25.5.<\/p>\n<\/td>\n<td style=\"width: 17.1202%;\" width=\"122\">\n<p>24.6.<\/p>\n<\/td>\n<td style=\"width: 16.3286%;\" width=\"122\">\n<p>5.8.<\/p>\n<\/td>\n<td style=\"width: 16.3286%;\" width=\"122\">\n<p>9.9.<\/p>\n<\/td>\n<\/tr>\n<tr>\n<td style=\"width: 33.2014%;\" width=\"122\">\n<p>5\/26 Teko\u00e4ly ja vesi<\/p>\n<\/td>\n<td style=\"width: 16.3286%;\" width=\"122\">\n<p>10.8.<\/p>\n<\/td>\n<td style=\"width: 17.1202%;\" width=\"122\">\n<p>11.9.<\/p>\n<\/td>\n<td style=\"width: 16.3286%;\" width=\"122\">\n<p>18.9.<\/p>\n<\/td>\n<td style=\"width: 16.3286%;\" width=\"122\">\n<p>23.10.<\/p>\n<\/td>\n<\/tr>\n<tr>\n<td style=\"width: 33.2014%;\" width=\"122\">\n<p>6\/26 Digitaaliset ratkaisut vesienhallinnassa<\/p>\n<\/td>\n<td style=\"width: 16.3286%;\" width=\"122\">\n<p>21.9.<\/p>\n<\/td>\n<td style=\"width: 17.1202%;\" width=\"122\">\n<p>23.10.<\/p>\n<\/td>\n<td style=\"width: 16.3286%;\" width=\"122\">\n<p>30.10.<\/p>\n<\/td>\n<td style=\"width: 16.3286%;\" width=\"122\">\n<p>4.12.<\/p>\n<\/td>\n<\/tr>\n<\/tbody>\n<\/table>\n<p>&nbsp;<\/p>\n<p>&nbsp;<\/p>\n<p><strong>Yhteystiedot:<\/strong><\/p>\n<p><strong>Jarkko Narvanne<br \/>\n<\/strong>Vesitalouden toimitussihteeri<br \/>\nE-mail: <a href=\"mailto:toimitus@vesitalous.fi\">toimitus(at)vesitalous.fi<\/a><br \/>\n<a href=\"tel:358453050070\">Puhelin<\/a><\/p>\n<div class=\"notranslate\" style=\"all: initial;\">\u00a0<\/div>","protected":false},"excerpt":{"rendered":"<p>Vesitalous-lehti v\u00e4litt\u00e4\u00e4 tietoa ja n\u00e4kymi\u00e4 vesivaroista, vesihuollosta, vesien hallinnasta ja vesiin kytkeytyvist\u00e4 monialaisista kysymyksist\u00e4. Vesitalous tarkastelee mm. tekniikkaan, ymp\u00e4rist\u00f6\u00f6n, yhdyskuntiin ja alan koulutukseen liittyvi\u00e4 kehityssuuntia. Julkaisija kannustaa k\u00e4ytt\u00e4m\u00e4\u00e4n Vesitalous-lehte\u00e4 opetuksessa. Jos toimit opettajana korkeakoulussa ja haluat k\u00e4ytt\u00f6\u00f6si tietyn lehden tai artikkelin, ota yhteytt\u00e4 minna.maasilta\u00a0(\u00e4t)\u00a0mvtt.fi L\u00e4het\u00e4 artikkeliehdotuksesi lehden toimitussihteerille s\u00e4hk\u00f6postiosoitteeseen: toimitus(at)vesitalous.fi\u00a0(Jarkko Narvanne) Otamme ehdotuksenne k\u00e4sitelt\u00e4v\u00e4ksi seuraavassa &hellip;<\/p>","protected":false},"author":12,"featured_media":0,"parent":24,"menu_order":3,"comment_status":"closed","ping_status":"closed","template":"","meta":{"_monsterinsights_skip_tracking":false,"_monsterinsights_sitenote_active":false,"_monsterinsights_sitenote_note":"","_monsterinsights_sitenote_category":0,"footnotes":""},"class_list":["post-737","page","type-page","status-publish","hentry"],"_links":{"self":[{"href":"https:\/\/vesitalous.fi\/en\/wp-json\/wp\/v2\/pages\/737","targetHints":{"allow":["GET"]}}],"collection":[{"href":"https:\/\/vesitalous.fi\/en\/wp-json\/wp\/v2\/pages"}],"about":[{"href":"https:\/\/vesitalous.fi\/en\/wp-json\/wp\/v2\/types\/page"}],"author":[{"embeddable":true,"href":"https:\/\/vesitalous.fi\/en\/wp-json\/wp\/v2\/users\/12"}],"replies":[{"embeddable":true,"href":"https:\/\/vesitalous.fi\/en\/wp-json\/wp\/v2\/comments?post=737"}],"version-history":[{"count":23,"href":"https:\/\/vesitalous.fi\/en\/wp-json\/wp\/v2\/pages\/737\/revisions"}],"predecessor-version":[{"id":10091,"href":"https:\/\/vesitalous.fi\/en\/wp-json\/wp\/v2\/pages\/737\/revisions\/10091"}],"up":[{"embeddable":true,"href":"https:\/\/vesitalous.fi\/en\/wp-json\/wp\/v2\/pages\/24"}],"wp:attachment":[{"href":"https:\/\/vesitalous.fi\/en\/wp-json\/wp\/v2\/media?parent=737"}],"curies":[{"name":"wp","href":"https:\/\/api.w.org\/{rel}","templated":true}]}}