{"id":9362,"date":"2025-05-09T15:21:25","date_gmt":"2025-05-09T12:21:25","guid":{"rendered":"https:\/\/vesitalous.fi\/?page_id=9362"},"modified":"2026-02-24T14:40:31","modified_gmt":"2026-02-24T12:40:31","slug":"yhteys","status":"publish","type":"page","link":"https:\/\/vesitalous.fi\/en\/vesitalous-lehti\/yhteys\/","title":{"rendered":"Yhteystiedot"},"content":{"rendered":"<p><iframe loading=\"lazy\" src=\"https:\/\/www.google.com\/maps\/embed?pb=!1m18!1m12!1m3!1d3253.683395462344!2d24.933165577167774!3d60.16794047503128!2m3!1f0!2f0!3f0!3m2!1i1024!2i768!4f13.1!3m3!1m2!1s0x46920bcb4291262d%3A0x5319f2b17763af66!2sMAA-Ja%20Vesitekniikan%20Tuki%20R.Y.!5e1!3m2!1sen!2sfi!4v1746112303937!5m2!1sen!2sfi\" width=\"600\" height=\"450\" allowfullscreen=\"allowfullscreen\" data-mce-fragment=\"1\"><\/iframe><\/p>\n<pre><a href=\"https:\/\/vesitalous.fi\/wp-content\/uploads\/2023\/10\/Rekisteriseloste-osoiterekisterit.pdf\">Rekisteriseloste<\/a><\/pre>\n<p><strong>Julkaisija<br \/>\n<\/strong>Ymp\u00e4rist\u00f6viestint\u00e4 YVT Oy Annankatu 29 A 18 00100 Helsinki puh. (09) 694 0622, vesitalous(a)vesitalous.fi<\/p>\n<p><strong>P\u00e4\u00e4toimittaja<br \/>\n<\/strong>Minna Maasilta, dipl.ins. e-mail: minna.maasilta(a)mvtt.fi<\/p>\n<p><strong>Toimitussihteeri \/ ilmoitusmyynti<br \/>\n<\/strong>Jarkko Narvanne, puh. 045 305 0070, e-mail: toimitus(a)vesitalous.fi<\/p>\n<p>&nbsp;<\/p>\n<p><strong>Toimituskunta<\/strong><\/p>\n<table>\n<tbody>\n<tr>\n<td width=\"195\"><strong>Minna\u00a0Maasilta<\/strong><\/td>\n<td width=\"1908\">puheenjohtaja<\/td>\n<\/tr>\n<tr>\n<td><strong>Harri\u00a0Koivusalo<\/strong><\/td>\n<td>tekn.tri., teknisen vesitalouden professori, <br \/>\nAalto-yliopisto, Insin\u00f6\u00f6ritieteiden korkeakoulu<\/td>\n<\/tr>\n<tr>\n<td><strong>Vuokko\u00a0Laukka<\/strong><\/td>\n<td>TkT, johtava asiantuntija, <br \/>\nSuomen ymp\u00e4rist\u00f6keskus<\/td>\n<\/tr>\n<tr>\n<td><strong>Anna\u00a0Mikola<\/strong><\/td>\n<td>tekn.tri., professori, <br \/>\nAalto-yliopisto, Insin\u00f6\u00f6ritieteiden korkeakoulu<\/td>\n<\/tr>\n<tr>\n<td><strong>Pekka M. Rossi<\/strong><\/td>\n<td>tekn.tri., apulaisprofessori, <br \/>\nOulun yliopisto, vesi- ja ymp\u00e4rist\u00f6tekniikka<\/td>\n<\/tr>\n<tr>\n<td><strong>Maija\u00a0Taka<\/strong><\/td>\n<td>fil.tri., akateeminen koordinaattori, <br \/>\nAalto-yliopisto, Insin\u00f6\u00f6ritieteiden korkeakoulu<\/td>\n<\/tr>\n<tr>\n<td><strong>Annina\u00a0Takala<\/strong><\/td>\n<td>dipl.ins., <br \/>\nSuomen Vesiyhdistys ry<\/td>\n<\/tr>\n<tr>\n<td><strong>Saijariina\u00a0Toivikko<\/strong><\/td>\n<td>dipl.ins., kehitt\u00e4misp\u00e4\u00e4llikk\u00f6, <br \/>\nSuomen\u202fVesilaitosyhdistys ry<\/td>\n<\/tr>\n<tr>\n<td><strong>Jarkko\u00a0Narvanne<\/strong><\/td>\n<td>siht.<\/td>\n<\/tr>\n<\/tbody>\n<\/table>","protected":false},"excerpt":{"rendered":"<p>Rekisteriseloste Julkaisija Ymp\u00e4rist\u00f6viestint\u00e4 YVT Oy Annankatu 29 A 18 00100 Helsinki puh. (09) 694 0622, vesitalous(a)vesitalous.fi P\u00e4\u00e4toimittaja Minna Maasilta, dipl.ins. e-mail: minna.maasilta(a)mvtt.fi Toimitussihteeri \/ ilmoitusmyynti Jarkko Narvanne, puh. 045 305 0070, e-mail: toimitus(a)vesitalous.fi &nbsp; Toimituskunta Minna\u00a0Maasilta puheenjohtaja Harri\u00a0Koivusalo tekn.tri., teknisen vesitalouden professori, Aalto-yliopisto, Insin\u00f6\u00f6ritieteiden korkeakoulu Vuokko\u00a0Laukka TkT, johtava asiantuntija, Suomen ymp\u00e4rist\u00f6keskus Anna\u00a0Mikola tekn.tri., professori, Aalto-yliopisto, &hellip;<\/p>","protected":false},"author":12,"featured_media":0,"parent":24,"menu_order":7,"comment_status":"closed","ping_status":"closed","template":"","meta":{"_monsterinsights_skip_tracking":false,"_monsterinsights_sitenote_active":false,"_monsterinsights_sitenote_note":"","_monsterinsights_sitenote_category":0,"footnotes":""},"class_list":["post-9362","page","type-page","status-publish","hentry"],"_links":{"self":[{"href":"https:\/\/vesitalous.fi\/en\/wp-json\/wp\/v2\/pages\/9362","targetHints":{"allow":["GET"]}}],"collection":[{"href":"https:\/\/vesitalous.fi\/en\/wp-json\/wp\/v2\/pages"}],"about":[{"href":"https:\/\/vesitalous.fi\/en\/wp-json\/wp\/v2\/types\/page"}],"author":[{"embeddable":true,"href":"https:\/\/vesitalous.fi\/en\/wp-json\/wp\/v2\/users\/12"}],"replies":[{"embeddable":true,"href":"https:\/\/vesitalous.fi\/en\/wp-json\/wp\/v2\/comments?post=9362"}],"version-history":[{"count":4,"href":"https:\/\/vesitalous.fi\/en\/wp-json\/wp\/v2\/pages\/9362\/revisions"}],"predecessor-version":[{"id":10061,"href":"https:\/\/vesitalous.fi\/en\/wp-json\/wp\/v2\/pages\/9362\/revisions\/10061"}],"up":[{"embeddable":true,"href":"https:\/\/vesitalous.fi\/en\/wp-json\/wp\/v2\/pages\/24"}],"wp:attachment":[{"href":"https:\/\/vesitalous.fi\/en\/wp-json\/wp\/v2\/media?parent=9362"}],"curies":[{"name":"wp","href":"https:\/\/api.w.org\/{rel}","templated":true}]}}